{"id":659,"date":"2019-07-09T21:50:11","date_gmt":"2019-07-09T21:50:11","guid":{"rendered":"http:\/\/albalopezsoler.com\/shop\/?post_type=product&#038;p=659"},"modified":"2024-01-30T10:16:33","modified_gmt":"2024-01-30T10:16:33","slug":"comoda","status":"publish","type":"product","link":"https:\/\/albalopezsoler.com\/shop\/productos\/comoda\/","title":{"rendered":"C\u00f3moda Juan Iba\u00f1ez Muebles"},"content":{"rendered":"","protected":false},"excerpt":{"rendered":"<p>Ilustraci\u00f3n aplicada a grafito sobre c\u00f3moda de estilo, lacada en blanco y fabricada de forma artesanal por Juan Ib\u00e1\u00f1ez Muebles.<br \/>\n<strong>Pieza \u00fanica y exclusiva.<\/strong><\/p>\n<p>Medidas:<br \/>\n&#8211; Altura 80cm<br \/>\n&#8211; Ancho 93cm<br \/>\n&#8211; Hondo 47cm<\/p>\n<p><strong><span style=\"color: #b00505;\">VENDIDA<\/span><\/strong><\/p>\n","protected":false},"featured_media":661,"comment_status":"closed","ping_status":"closed","template":"","meta":[],"product_cat":[44],"product_tag":[],"_links":{"self":[{"href":"https:\/\/albalopezsoler.com\/shop\/wp-json\/wp\/v2\/product\/659"}],"collection":[{"href":"https:\/\/albalopezsoler.com\/shop\/wp-json\/wp\/v2\/product"}],"about":[{"href":"https:\/\/albalopezsoler.com\/shop\/wp-json\/wp\/v2\/types\/product"}],"replies":[{"embeddable":true,"href":"https:\/\/albalopezsoler.com\/shop\/wp-json\/wp\/v2\/comments?post=659"}],"wp:featuredmedia":[{"embeddable":true,"href":"https:\/\/albalopezsoler.com\/shop\/wp-json\/wp\/v2\/media\/661"}],"wp:attachment":[{"href":"https:\/\/albalopezsoler.com\/shop\/wp-json\/wp\/v2\/media?parent=659"}],"wp:term":[{"taxonomy":"product_cat","embeddable":true,"href":"https:\/\/albalopezsoler.com\/shop\/wp-json\/wp\/v2\/product_cat?post=659"},{"taxonomy":"product_tag","embeddable":true,"href":"https:\/\/albalopezsoler.com\/shop\/wp-json\/wp\/v2\/product_tag?post=659"}],"curies":[{"name":"wp","href":"https:\/\/api.w.org\/{rel}","templated":true}]}}